{"id":874,"date":"2025-04-01T20:36:33","date_gmt":"2025-04-01T20:36:33","guid":{"rendered":"https:\/\/facessclinica.com.br\/?page_id=874"},"modified":"2025-06-04T17:09:10","modified_gmt":"2025-06-04T17:09:10","slug":"quem-somos","status":"publish","type":"page","link":"https:\/\/facessclinica.com.br\/index.php\/quem-somos\/","title":{"rendered":"QUEM SOMOS"},"content":{"rendered":"<p>Quem Somos<\/p>\n\n\n<p>Somos uma cl\u00ednica de especialidades constru\u00edda com carinho para oferecer um ambiente aconchegante, acolhedor e seguro. Nosso time \u00e9 formado por profissionais altamente qualificados, que unem conhecimento t\u00e9cnico e empatia para cuidar de cada paciente com aten\u00e7\u00e3o e respeito.<\/p>\n\n\n\n<p>Prezamos sempre pelo bem-estar, conforto e confian\u00e7a de quem nos procura, oferecendo tratamentos personalizados e atendimento humanizado. Aqui, cada detalhe \u00e9 pensado para que voc\u00ea se sinta bem, do in\u00edcio ao fim da sua&nbsp;experi\u00eancia.<\/p>\n\n\n\n<p><\/p>\n","protected":false},"excerpt":{"rendered":"<p>Quem Somos Somos uma cl\u00ednica de especialidades constru\u00edda com carinho para oferecer um ambiente aconchegante, acolhedor e seguro. Nosso time [&hellip;]<\/p>\n","protected":false},"author":1,"featured_media":0,"parent":0,"menu_order":0,"comment_status":"closed","ping_status":"closed","template":"","meta":{"footnotes":""},"class_list":["post-874","page","type-page","status-publish","hentry"],"_links":{"self":[{"href":"https:\/\/facessclinica.com.br\/index.php\/wp-json\/wp\/v2\/pages\/874","targetHints":{"allow":["GET"]}}],"collection":[{"href":"https:\/\/facessclinica.com.br\/index.php\/wp-json\/wp\/v2\/pages"}],"about":[{"href":"https:\/\/facessclinica.com.br\/index.php\/wp-json\/wp\/v2\/types\/page"}],"author":[{"embeddable":true,"href":"https:\/\/facessclinica.com.br\/index.php\/wp-json\/wp\/v2\/users\/1"}],"replies":[{"embeddable":true,"href":"https:\/\/facessclinica.com.br\/index.php\/wp-json\/wp\/v2\/comments?post=874"}],"version-history":[{"count":2,"href":"https:\/\/facessclinica.com.br\/index.php\/wp-json\/wp\/v2\/pages\/874\/revisions"}],"predecessor-version":[{"id":1088,"href":"https:\/\/facessclinica.com.br\/index.php\/wp-json\/wp\/v2\/pages\/874\/revisions\/1088"}],"wp:attachment":[{"href":"https:\/\/facessclinica.com.br\/index.php\/wp-json\/wp\/v2\/media?parent=874"}],"curies":[{"name":"wp","href":"https:\/\/api.w.org\/{rel}","templated":true}]}}