{"id":873,"date":"2025-04-01T20:34:21","date_gmt":"2025-04-01T20:34:21","guid":{"rendered":"https:\/\/facessclinica.com.br\/?page_id=873"},"modified":"2025-04-01T20:35:07","modified_gmt":"2025-04-01T20:35:07","slug":"day-spa","status":"publish","type":"page","link":"https:\/\/facessclinica.com.br\/index.php\/day-spa\/","title":{"rendered":"Day Spa"},"content":{"rendered":"<p>O Day Spa oferece uma experi\u00eancia completa de relaxamento e bem-estar, com uma s\u00e9rie de tratamentos que incluem massagens, escalda p\u00e9s terap\u00eauticos, revitaliza\u00e7\u00e3o, esfolia\u00e7\u00f5es e cuidados faciais. \u00c9 uma oportunidade perfeita para relaxar e renovar as energias, proporcionando um al\u00edvio do estresse e uma sensa\u00e7\u00e3o de revitaliza\u00e7\u00e3o.<\/p>\n<div class=\"elementor-element elementor-element-fce3328 elementor-widget__width-initial elementor-widget-mobile__width-inherit elementor-widget elementor-widget-text-editor\" data-id=\"fce3328\" data-element_type=\"widget\" data-widget_type=\"text-editor.default\">\n<p><b>Benef\u00edcios:<\/b><\/p>\n<ul>\n<li>Promove relaxamento e al\u00edvio do estresse.<\/li>\n<li>Proporciona uma sensa\u00e7\u00e3o de renova\u00e7\u00e3o e bem-estar.<\/li>\n<li>Inclui uma variedade de tratamentos para corpo e mente.<\/li>\n<\/ul>\n<p><b>Indicado para:<\/b><\/p>\n<ul>\n<li>Pessoas que desejam um momento de relaxamento e autocuidado.<\/li>\n<li>Quem busca al\u00edvio do estresse e das tens\u00f5es do dia a dia.<\/li>\n<li>Quem deseja uma experi\u00eancia completa de bem-estar.<\/li>\n<\/ul>\n<\/div>\n<div class=\"elementor-element elementor-element-21fbd8e elementor-widget__width-inherit elementor-widget-mobile__width-inherit elementor-align-center elementor-widget elementor-widget-button\" data-id=\"21fbd8e\" data-element_type=\"widget\" data-widget_type=\"button.default\"><a class=\"elementor-button elementor-button-link elementor-size-sm elementor-animation-float\" href=\"https:\/\/web.whatsapp.com\/send?phone=1129360004&amp;text=Ol%C3%A1%20bom%20que%20voc%C3%AA%20veio!%20Como%20podemos%20ajudar%3F\" target=\"_blank\" rel=\"noopener\"><span class=\"elementor-button-content-wrapper\"><span class=\"elementor-button-text\">AGENDAR ATENDIMENTO<\/span><\/span><\/a><\/div>\n","protected":false},"excerpt":{"rendered":"<p>O Day Spa oferece uma experi\u00eancia completa de relaxamento e bem-estar, com uma s\u00e9rie de tratamentos que incluem massagens, escalda [&hellip;]<\/p>\n","protected":false},"author":1,"featured_media":0,"parent":0,"menu_order":0,"comment_status":"closed","ping_status":"closed","template":"","meta":{"footnotes":""},"class_list":["post-873","page","type-page","status-publish","hentry"],"_links":{"self":[{"href":"https:\/\/facessclinica.com.br\/index.php\/wp-json\/wp\/v2\/pages\/873","targetHints":{"allow":["GET"]}}],"collection":[{"href":"https:\/\/facessclinica.com.br\/index.php\/wp-json\/wp\/v2\/pages"}],"about":[{"href":"https:\/\/facessclinica.com.br\/index.php\/wp-json\/wp\/v2\/types\/page"}],"author":[{"embeddable":true,"href":"https:\/\/facessclinica.com.br\/index.php\/wp-json\/wp\/v2\/users\/1"}],"replies":[{"embeddable":true,"href":"https:\/\/facessclinica.com.br\/index.php\/wp-json\/wp\/v2\/comments?post=873"}],"version-history":[{"count":1,"href":"https:\/\/facessclinica.com.br\/index.php\/wp-json\/wp\/v2\/pages\/873\/revisions"}],"predecessor-version":[{"id":880,"href":"https:\/\/facessclinica.com.br\/index.php\/wp-json\/wp\/v2\/pages\/873\/revisions\/880"}],"wp:attachment":[{"href":"https:\/\/facessclinica.com.br\/index.php\/wp-json\/wp\/v2\/media?parent=873"}],"curies":[{"name":"wp","href":"https:\/\/api.w.org\/{rel}","templated":true}]}}