{"id":872,"date":"2025-04-01T20:32:23","date_gmt":"2025-04-01T20:32:23","guid":{"rendered":"https:\/\/facessclinica.com.br\/?page_id=872"},"modified":"2025-04-01T20:32:46","modified_gmt":"2025-04-01T20:32:46","slug":"drenagem-linfatica","status":"publish","type":"page","link":"https:\/\/facessclinica.com.br\/index.php\/drenagem-linfatica\/","title":{"rendered":"Drenagem linfatica"},"content":{"rendered":"<p>A Drenagem Linf\u00e1tica \u00e9 uma t\u00e9cnica de massagem que estimula o sistema linf\u00e1tico, promovendo a elimina\u00e7\u00e3o de toxinas e o al\u00edvio de reten\u00e7\u00e3o de l\u00edquidos. Este procedimento melhora a circula\u00e7\u00e3o sangu\u00ednea e contribui para a redu\u00e7\u00e3o de incha\u00e7os, sendo bastante utilizado no p\u00f3s-operat\u00f3rio de cirurgias pl\u00e1sticas e tratamentos est\u00e9ticos.<\/p>\n<div class=\"elementor-element elementor-element-fce3328 elementor-widget__width-initial elementor-widget-mobile__width-inherit elementor-widget elementor-widget-text-editor\" data-id=\"fce3328\" data-element_type=\"widget\" data-widget_type=\"text-editor.default\">\n<p><b>Benef\u00edcios:<\/b><\/p>\n<ul>\n<li>Melhora a circula\u00e7\u00e3o sangu\u00ednea e linf\u00e1tica.<\/li>\n<li>Reduz incha\u00e7os e reten\u00e7\u00e3o de l\u00edquidos.<\/li>\n<li>Auxilia na elimina\u00e7\u00e3o de toxinas do corpo.<\/li>\n<\/ul>\n<p><b>Indicado para:<\/b><\/p>\n<ul>\n<li>Pessoas que desejam melhorar a circula\u00e7\u00e3o e eliminar toxinas.<\/li>\n<li>Pacientes em p\u00f3s-operat\u00f3rio de cirurgias pl\u00e1sticas.<\/li>\n<li>Quem busca reduzir incha\u00e7os e melhorar a sa\u00fade geral do corpo.<\/li>\n<\/ul>\n<\/div>\n<div class=\"elementor-element elementor-element-21fbd8e elementor-widget__width-inherit elementor-widget-mobile__width-inherit elementor-align-center elementor-widget elementor-widget-button\" data-id=\"21fbd8e\" data-element_type=\"widget\" data-widget_type=\"button.default\"><a class=\"elementor-button elementor-button-link elementor-size-sm elementor-animation-float\" href=\"https:\/\/web.whatsapp.com\/send?phone=1129360004&amp;text=Ol%C3%A1%20bom%20que%20voc%C3%AA%20veio!%20Como%20podemos%20ajudar%3F\" target=\"_blank\" rel=\"noopener\"><span class=\"elementor-button-content-wrapper\"><span class=\"elementor-button-text\">AGENDAR ATENDIMENTO<\/span><\/span><\/a><\/div>\n","protected":false},"excerpt":{"rendered":"<p>A Drenagem Linf\u00e1tica \u00e9 uma t\u00e9cnica de massagem que estimula o sistema linf\u00e1tico, promovendo a elimina\u00e7\u00e3o de toxinas e o [&hellip;]<\/p>\n","protected":false},"author":1,"featured_media":0,"parent":0,"menu_order":0,"comment_status":"closed","ping_status":"closed","template":"","meta":{"footnotes":""},"class_list":["post-872","page","type-page","status-publish","hentry"],"_links":{"self":[{"href":"https:\/\/facessclinica.com.br\/index.php\/wp-json\/wp\/v2\/pages\/872","targetHints":{"allow":["GET"]}}],"collection":[{"href":"https:\/\/facessclinica.com.br\/index.php\/wp-json\/wp\/v2\/pages"}],"about":[{"href":"https:\/\/facessclinica.com.br\/index.php\/wp-json\/wp\/v2\/types\/page"}],"author":[{"embeddable":true,"href":"https:\/\/facessclinica.com.br\/index.php\/wp-json\/wp\/v2\/users\/1"}],"replies":[{"embeddable":true,"href":"https:\/\/facessclinica.com.br\/index.php\/wp-json\/wp\/v2\/comments?post=872"}],"version-history":[{"count":1,"href":"https:\/\/facessclinica.com.br\/index.php\/wp-json\/wp\/v2\/pages\/872\/revisions"}],"predecessor-version":[{"id":879,"href":"https:\/\/facessclinica.com.br\/index.php\/wp-json\/wp\/v2\/pages\/872\/revisions\/879"}],"wp:attachment":[{"href":"https:\/\/facessclinica.com.br\/index.php\/wp-json\/wp\/v2\/media?parent=872"}],"curies":[{"name":"wp","href":"https:\/\/api.w.org\/{rel}","templated":true}]}}