{"id":852,"date":"2025-04-01T20:28:54","date_gmt":"2025-04-01T20:28:54","guid":{"rendered":"https:\/\/facessclinica.com.br\/?page_id=852"},"modified":"2025-04-01T20:28:54","modified_gmt":"2025-04-01T20:28:54","slug":"estetica","status":"publish","type":"page","link":"https:\/\/facessclinica.com.br\/index.php\/estetica\/","title":{"rendered":"EST\u00c9TICA"},"content":{"rendered":"<p>A est\u00e9tica \u00e9 uma jornada de cuidado e express\u00e3o. Nosso objetivo \u00e9 revelar a beleza genu\u00edna de cada pessoa, respeitando os tra\u00e7os que tornam cada um \u00fanico(a).<\/p>\n<p>Por meio de uma abordagem personalizada, os tratamentos s\u00e3o planejados para real\u00e7ar sua confian\u00e7a e trazer harmonia\u00a0ao\u00a0visual.<\/p>\n","protected":false},"excerpt":{"rendered":"<p>A est\u00e9tica \u00e9 uma jornada de cuidado e express\u00e3o. Nosso objetivo \u00e9 revelar a beleza genu\u00edna de cada pessoa, respeitando [&hellip;]<\/p>\n","protected":false},"author":1,"featured_media":0,"parent":0,"menu_order":0,"comment_status":"closed","ping_status":"closed","template":"","meta":{"footnotes":""},"class_list":["post-852","page","type-page","status-publish","hentry"],"_links":{"self":[{"href":"https:\/\/facessclinica.com.br\/index.php\/wp-json\/wp\/v2\/pages\/852","targetHints":{"allow":["GET"]}}],"collection":[{"href":"https:\/\/facessclinica.com.br\/index.php\/wp-json\/wp\/v2\/pages"}],"about":[{"href":"https:\/\/facessclinica.com.br\/index.php\/wp-json\/wp\/v2\/types\/page"}],"author":[{"embeddable":true,"href":"https:\/\/facessclinica.com.br\/index.php\/wp-json\/wp\/v2\/users\/1"}],"replies":[{"embeddable":true,"href":"https:\/\/facessclinica.com.br\/index.php\/wp-json\/wp\/v2\/comments?post=852"}],"version-history":[{"count":1,"href":"https:\/\/facessclinica.com.br\/index.php\/wp-json\/wp\/v2\/pages\/852\/revisions"}],"predecessor-version":[{"id":870,"href":"https:\/\/facessclinica.com.br\/index.php\/wp-json\/wp\/v2\/pages\/852\/revisions\/870"}],"wp:attachment":[{"href":"https:\/\/facessclinica.com.br\/index.php\/wp-json\/wp\/v2\/media?parent=852"}],"curies":[{"name":"wp","href":"https:\/\/api.w.org\/{rel}","templated":true}]}}