{"id":850,"date":"2025-04-01T20:18:20","date_gmt":"2025-04-01T20:18:20","guid":{"rendered":"https:\/\/facessclinica.com.br\/?page_id=850"},"modified":"2025-04-01T20:18:31","modified_gmt":"2025-04-01T20:18:31","slug":"peeling","status":"publish","type":"page","link":"https:\/\/facessclinica.com.br\/index.php\/peeling\/","title":{"rendered":"Peeling"},"content":{"rendered":"<p>O peeling \u00e9 um tratamento vers\u00e1til que promove a renova\u00e7\u00e3o celular por meio da aplica\u00e7\u00e3o de agentes qu\u00edmicos, f\u00edsicos ou laser, melhorando a textura, uniformizando o tom e estimulando o col\u00e1geno da pele. \u00c9 indicado para uma ampla gama de queixas, como manchas, acne, cicatrizes e sinais de envelhecimento.<\/p>\n<h4><b>Protocolos Exclusivos da Cl\u00ednica Prata Rocha<\/b><\/h4>\n<ul>\n<li><b>Light Firm Skin:<\/b><b><br \/>\n<\/b>Protocolo exclusivo voltado para o tratamento de manchas, especialmente o melasma. Essa abordagem combina t\u00e9cnicas como peeling qu\u00edmico, microagulhamento, Laser Fotona e uma rotina personalizada de skincare. \u00c9 ideal para resultados consistentes no clareamento e na uniformiza\u00e7\u00e3o da pele.<\/li>\n<li><b>Laser Peeling:<\/b><b><br \/>\n<\/b>Renova\u00e7\u00e3o profunda com a tecnologia do Laser Fotona, que promove a regenera\u00e7\u00e3o da pele, melhora sua textura e qualidade, e estimula o col\u00e1geno.<\/li>\n<\/ul>\n<h4><b><br \/>\nOutros Tratamentos Realizados<\/b><\/h4>\n<ul>\n<li><b>LHA LA PEEL:<\/b><b><br \/>\n<\/b>Peeling coreano inovador, altamente eficaz para tratar textura irregular, manchas, e promover uma pele mais luminosa e saud\u00e1vel.<\/li>\n<li><b>Peeling Qu\u00edmico Tradicional:<\/b><b><br \/>\n<\/b>Ideal para renova\u00e7\u00e3o celular e combate a manchas superficiais e rugas finas.<\/li>\n<\/ul>\n<h4><b><br \/>\nPrincipais Benef\u00edcios do Peeling<\/b><\/h4>\n<ul>\n<li>Clareamento de manchas e uniformiza\u00e7\u00e3o do tom da pele.<\/li>\n<li>Renova\u00e7\u00e3o celular para uma pele mais lisa e macia.<\/li>\n<li>Est\u00edmulo \u00e0 produ\u00e7\u00e3o de col\u00e1geno para firmeza e rejuvenescimento.<\/li>\n<li>Redu\u00e7\u00e3o de cicatrizes de acne e poros dilatados.<\/li>\n<\/ul>\n<h4><b><br \/>\nIndica\u00e7\u00f5es<\/b><\/h4>\n<p>O peeling \u00e9 indicado para pacientes que buscam:<\/p>\n<ul>\n<li>Melhorar a textura e luminosidade da pele.<\/li>\n<li>Tratar manchas como melasma e hiperpigmenta\u00e7\u00e3o.<\/li>\n<li>Renova\u00e7\u00e3o e rejuvenescimento facial.<\/li>\n<li>Controlar acne e minimizar cicatrizes<\/li>\n<\/ul>\n<p><a class=\"elementor-button elementor-button-link elementor-size-sm elementor-animation-float\" href=\"https:\/\/web.whatsapp.com\/send?phone=1129360004&amp;text=Ol%C3%A1%20bom%20que%20voc%C3%AA%20veio!%20Como%20podemos%20ajudar%3F\" target=\"_blank\" rel=\"noopener\"><span class=\"elementor-button-content-wrapper\"><span class=\"elementor-button-text\">AGENDAR ATENDIMENTO<\/span><\/span><\/a><\/p>\n","protected":false},"excerpt":{"rendered":"<p>O peeling \u00e9 um tratamento vers\u00e1til que promove a renova\u00e7\u00e3o celular por meio da aplica\u00e7\u00e3o de agentes qu\u00edmicos, f\u00edsicos ou [&hellip;]<\/p>\n","protected":false},"author":1,"featured_media":0,"parent":0,"menu_order":0,"comment_status":"closed","ping_status":"closed","template":"","meta":{"footnotes":""},"class_list":["post-850","page","type-page","status-publish","hentry"],"_links":{"self":[{"href":"https:\/\/facessclinica.com.br\/index.php\/wp-json\/wp\/v2\/pages\/850","targetHints":{"allow":["GET"]}}],"collection":[{"href":"https:\/\/facessclinica.com.br\/index.php\/wp-json\/wp\/v2\/pages"}],"about":[{"href":"https:\/\/facessclinica.com.br\/index.php\/wp-json\/wp\/v2\/types\/page"}],"author":[{"embeddable":true,"href":"https:\/\/facessclinica.com.br\/index.php\/wp-json\/wp\/v2\/users\/1"}],"replies":[{"embeddable":true,"href":"https:\/\/facessclinica.com.br\/index.php\/wp-json\/wp\/v2\/comments?post=850"}],"version-history":[{"count":1,"href":"https:\/\/facessclinica.com.br\/index.php\/wp-json\/wp\/v2\/pages\/850\/revisions"}],"predecessor-version":[{"id":857,"href":"https:\/\/facessclinica.com.br\/index.php\/wp-json\/wp\/v2\/pages\/850\/revisions\/857"}],"wp:attachment":[{"href":"https:\/\/facessclinica.com.br\/index.php\/wp-json\/wp\/v2\/media?parent=850"}],"curies":[{"name":"wp","href":"https:\/\/api.w.org\/{rel}","templated":true}]}}