{"id":824,"date":"2025-04-01T20:01:21","date_gmt":"2025-04-01T20:01:21","guid":{"rendered":"https:\/\/facessclinica.com.br\/?page_id=824"},"modified":"2025-04-01T20:01:21","modified_gmt":"2025-04-01T20:01:21","slug":"clareamento","status":"publish","type":"page","link":"https:\/\/facessclinica.com.br\/index.php\/clareamento\/","title":{"rendered":"Clareamento"},"content":{"rendered":"<p>O Clareamento a Laser \u00e9 um tratamento est\u00e9tico avan\u00e7ado que utiliza tecnologia a laser para clarear os dentes de forma r\u00e1pida e eficaz. Esse procedimento remove manchas causadas por alimentos, bebidas e o pr\u00f3prio envelhecimento dos dentes.<\/p>\n<div class=\"elementor-element elementor-element-fce3328 elementor-widget__width-initial elementor-widget-mobile__width-inherit elementor-widget elementor-widget-text-editor\" data-id=\"fce3328\" data-element_type=\"widget\" data-widget_type=\"text-editor.default\">\n<p><b>Benef\u00edcios:<\/b><\/p>\n<ul>\n<li>Resultados r\u00e1pidos e vis\u00edveis em uma \u00fanica sess\u00e3o.<\/li>\n<li>Clareamento mais duradouro em compara\u00e7\u00e3o com m\u00e9todos tradicionais.<\/li>\n<li>A\u00e7\u00e3o precisa e eficaz, com m\u00ednimo desconforto.<\/li>\n<\/ul>\n<p><b>Indicado para:<\/b><\/p>\n<ul>\n<li>Pacientes que desejam clarear os dentes, especialmente aqueles com manchas profundas.<\/li>\n<li>Pessoas que buscam um sorriso mais branco e brilhante de forma r\u00e1pida e segura.<\/li>\n<\/ul>\n<\/div>\n<div class=\"elementor-element elementor-element-21fbd8e elementor-widget__width-inherit elementor-widget-mobile__width-inherit elementor-align-center elementor-widget elementor-widget-button\" data-id=\"21fbd8e\" data-element_type=\"widget\" data-widget_type=\"button.default\"><a class=\"elementor-button elementor-button-link elementor-size-sm elementor-animation-float\" href=\"https:\/\/web.whatsapp.com\/send?phone=1129360004&amp;text=Ol%C3%A1%20bom%20que%20voc%C3%AA%20veio!%20Como%20podemos%20ajudar%3F\" target=\"_blank\" rel=\"noopener\"><span class=\"elementor-button-content-wrapper\"><span class=\"elementor-button-text\">AGENDAR ATENDIMENTO<\/span><\/span><\/a><\/div>\n","protected":false},"excerpt":{"rendered":"<p>O Clareamento a Laser \u00e9 um tratamento est\u00e9tico avan\u00e7ado que utiliza tecnologia a laser para clarear os dentes de forma [&hellip;]<\/p>\n","protected":false},"author":1,"featured_media":0,"parent":0,"menu_order":0,"comment_status":"closed","ping_status":"closed","template":"","meta":{"footnotes":""},"class_list":["post-824","page","type-page","status-publish","hentry"],"_links":{"self":[{"href":"https:\/\/facessclinica.com.br\/index.php\/wp-json\/wp\/v2\/pages\/824","targetHints":{"allow":["GET"]}}],"collection":[{"href":"https:\/\/facessclinica.com.br\/index.php\/wp-json\/wp\/v2\/pages"}],"about":[{"href":"https:\/\/facessclinica.com.br\/index.php\/wp-json\/wp\/v2\/types\/page"}],"author":[{"embeddable":true,"href":"https:\/\/facessclinica.com.br\/index.php\/wp-json\/wp\/v2\/users\/1"}],"replies":[{"embeddable":true,"href":"https:\/\/facessclinica.com.br\/index.php\/wp-json\/wp\/v2\/comments?post=824"}],"version-history":[{"count":1,"href":"https:\/\/facessclinica.com.br\/index.php\/wp-json\/wp\/v2\/pages\/824\/revisions"}],"predecessor-version":[{"id":830,"href":"https:\/\/facessclinica.com.br\/index.php\/wp-json\/wp\/v2\/pages\/824\/revisions\/830"}],"wp:attachment":[{"href":"https:\/\/facessclinica.com.br\/index.php\/wp-json\/wp\/v2\/media?parent=824"}],"curies":[{"name":"wp","href":"https:\/\/api.w.org\/{rel}","templated":true}]}}