{"id":819,"date":"2025-04-01T20:00:29","date_gmt":"2025-04-01T20:00:29","guid":{"rendered":"https:\/\/facessclinica.com.br\/?page_id=819"},"modified":"2025-04-01T20:00:30","modified_gmt":"2025-04-01T20:00:30","slug":"limpeza-dental","status":"publish","type":"page","link":"https:\/\/facessclinica.com.br\/index.php\/limpeza-dental\/","title":{"rendered":"Limpeza Dental"},"content":{"rendered":"\n<p>A Limpeza Dental \u00e9 fundamental para manter a sa\u00fade bucal em dia, prevenindo c\u00e1ries, gengivite e problemas mais graves. A limpeza remove a placa bacteriana e o t\u00e1rtaro, que s\u00e3o respons\u00e1veis por diversas doen\u00e7as bucais.<\/p>\n\n\n\n<p><strong>Benef\u00edcios:<\/strong><\/p>\n\n\n\n<ul class=\"wp-block-list\">\n<li>Melhora a sa\u00fade bucal geral, prevenindo c\u00e1ries e doen\u00e7as gengivais.<\/li>\n\n\n\n<li>Deixa os dentes mais limpos e saud\u00e1veis.<\/li>\n\n\n\n<li>Resultados imediatos com sensa\u00e7\u00e3o de frescor e boca mais saud\u00e1vel.<\/li>\n<\/ul>\n\n\n\n<p><strong>Indicado para:<\/strong><\/p>\n\n\n\n<ul class=\"wp-block-list\">\n<li>Todos os pacientes, independentemente da idade, como preven\u00e7\u00e3o de problemas bucais.<\/li>\n\n\n\n<li>Pessoas que buscam manter a sa\u00fade bucal e prevenir o ac\u00famulo de placa bacteriana e t\u00e1rtaro.<\/li>\n<\/ul>\n\n\n\n<p><a href=\"https:\/\/web.whatsapp.com\/send?phone=1129360004&amp;text=Ol%C3%A1%20bom%20que%20voc%C3%AA%20veio!%20Como%20podemos%20ajudar%3F\" target=\"_blank\" rel=\"noreferrer noopener\">AGENDAR ATENDIMENTO<\/a><\/p>\n\n\n\n<p><\/p>\n","protected":false},"excerpt":{"rendered":"<p>A Limpeza Dental \u00e9 fundamental para manter a sa\u00fade bucal em dia, prevenindo c\u00e1ries, gengivite e problemas mais graves. A [&hellip;]<\/p>\n","protected":false},"author":1,"featured_media":0,"parent":0,"menu_order":0,"comment_status":"closed","ping_status":"closed","template":"","meta":{"footnotes":""},"class_list":["post-819","page","type-page","status-publish","hentry"],"_links":{"self":[{"href":"https:\/\/facessclinica.com.br\/index.php\/wp-json\/wp\/v2\/pages\/819","targetHints":{"allow":["GET"]}}],"collection":[{"href":"https:\/\/facessclinica.com.br\/index.php\/wp-json\/wp\/v2\/pages"}],"about":[{"href":"https:\/\/facessclinica.com.br\/index.php\/wp-json\/wp\/v2\/types\/page"}],"author":[{"embeddable":true,"href":"https:\/\/facessclinica.com.br\/index.php\/wp-json\/wp\/v2\/users\/1"}],"replies":[{"embeddable":true,"href":"https:\/\/facessclinica.com.br\/index.php\/wp-json\/wp\/v2\/comments?post=819"}],"version-history":[{"count":1,"href":"https:\/\/facessclinica.com.br\/index.php\/wp-json\/wp\/v2\/pages\/819\/revisions"}],"predecessor-version":[{"id":829,"href":"https:\/\/facessclinica.com.br\/index.php\/wp-json\/wp\/v2\/pages\/819\/revisions\/829"}],"wp:attachment":[{"href":"https:\/\/facessclinica.com.br\/index.php\/wp-json\/wp\/v2\/media?parent=819"}],"curies":[{"name":"wp","href":"https:\/\/api.w.org\/{rel}","templated":true}]}}