{"id":818,"date":"2025-04-01T19:57:15","date_gmt":"2025-04-01T19:57:15","guid":{"rendered":"https:\/\/facessclinica.com.br\/?page_id=818"},"modified":"2025-04-01T19:57:29","modified_gmt":"2025-04-01T19:57:29","slug":"restauracao-dentaria","status":"publish","type":"page","link":"https:\/\/facessclinica.com.br\/index.php\/restauracao-dentaria\/","title":{"rendered":"Restaura\u00e7\u00e3o Dent\u00e1ria"},"content":{"rendered":"<p>A Restaura\u00e7\u00e3o Dent\u00e1ria \u00e9 realizada para reparar dentes que foram danificados por c\u00e1ries, fraturas ou desgaste. O material utilizado, geralmente resina composta ou porcelana, \u00e9 adaptado ao dente original, restaurando sua forma, fun\u00e7\u00e3o e est\u00e9tica.<\/p>\n<div class=\"elementor-element elementor-element-fce3328 elementor-widget__width-initial elementor-widget-mobile__width-inherit elementor-widget elementor-widget-text-editor\" data-id=\"fce3328\" data-element_type=\"widget\" data-widget_type=\"text-editor.default\">\n<p><b>Benef\u00edcios:<\/b><\/p>\n<ul>\n<li>Restaura\u00e7\u00e3o da est\u00e9tica e funcionalidade do dente afetado.<\/li>\n<li>Solu\u00e7\u00e3o r\u00e1pida e eficaz para dentes danificados ou com c\u00e1ries.<\/li>\n<li>Tratamento que melhora a sa\u00fade dental e o sorriso.<\/li>\n<\/ul>\n<p><b>Indicado para:<\/b><\/p>\n<ul>\n<li>Pacientes com dentes afetados por c\u00e1ries ou fraturas que necessitam de repara\u00e7\u00e3o.<\/li>\n<li>Pessoas que desejam restaurar a integridade dos dentes e preservar a est\u00e9tica dental.<\/li>\n<\/ul>\n<\/div>\n<div class=\"elementor-element elementor-element-21fbd8e elementor-widget__width-inherit elementor-widget-mobile__width-inherit elementor-align-center elementor-widget elementor-widget-button\" data-id=\"21fbd8e\" data-element_type=\"widget\" data-widget_type=\"button.default\"><a class=\"elementor-button elementor-button-link elementor-size-sm elementor-animation-float\" href=\"https:\/\/web.whatsapp.com\/send?phone=1129360004&amp;text=Ol%C3%A1%20bom%20que%20voc%C3%AA%20veio!%20Como%20podemos%20ajudar%3F\" target=\"_blank\" rel=\"noopener\"><span class=\"elementor-button-content-wrapper\"><span class=\"elementor-button-text\">AGENDAR ATENDIMENTO<\/span><\/span><\/a><\/div>\n<p>&nbsp;<\/p>\n","protected":false},"excerpt":{"rendered":"<p>A Restaura\u00e7\u00e3o Dent\u00e1ria \u00e9 realizada para reparar dentes que foram danificados por c\u00e1ries, fraturas ou desgaste. O material utilizado, geralmente [&hellip;]<\/p>\n","protected":false},"author":1,"featured_media":0,"parent":0,"menu_order":0,"comment_status":"closed","ping_status":"closed","template":"","meta":{"footnotes":""},"class_list":["post-818","page","type-page","status-publish","hentry"],"_links":{"self":[{"href":"https:\/\/facessclinica.com.br\/index.php\/wp-json\/wp\/v2\/pages\/818","targetHints":{"allow":["GET"]}}],"collection":[{"href":"https:\/\/facessclinica.com.br\/index.php\/wp-json\/wp\/v2\/pages"}],"about":[{"href":"https:\/\/facessclinica.com.br\/index.php\/wp-json\/wp\/v2\/types\/page"}],"author":[{"embeddable":true,"href":"https:\/\/facessclinica.com.br\/index.php\/wp-json\/wp\/v2\/users\/1"}],"replies":[{"embeddable":true,"href":"https:\/\/facessclinica.com.br\/index.php\/wp-json\/wp\/v2\/comments?post=818"}],"version-history":[{"count":1,"href":"https:\/\/facessclinica.com.br\/index.php\/wp-json\/wp\/v2\/pages\/818\/revisions"}],"predecessor-version":[{"id":826,"href":"https:\/\/facessclinica.com.br\/index.php\/wp-json\/wp\/v2\/pages\/818\/revisions\/826"}],"wp:attachment":[{"href":"https:\/\/facessclinica.com.br\/index.php\/wp-json\/wp\/v2\/media?parent=818"}],"curies":[{"name":"wp","href":"https:\/\/api.w.org\/{rel}","templated":true}]}}