{"id":736,"date":"2017-01-02T08:30:09","date_gmt":"2017-01-02T08:30:09","guid":{"rendered":"https:\/\/demo.themegrill.com\/flash-default-2\/?page_id=12"},"modified":"2025-04-02T23:31:24","modified_gmt":"2025-04-02T23:31:24","slug":"contact","status":"publish","type":"page","link":"https:\/\/facessclinica.com.br\/index.php\/contact\/","title":{"rendered":"Contato"},"content":{"rendered":"<p>Ol\u00e1 que bom que chegou at\u00e9 aqui!<\/p>\n<p>Estamos Entusiasmados em atender voc\u00ea<\/p>\n<p><span class=\"w8qArf FoJoyf\"><a class=\"fl\" href=\"https:\/\/www.google.com\/search?sca_esv=57c84f4e1d2307b7&amp;rlz=1C1ONGR_pt-PTBR1087BR1087&amp;sxsrf=AHTn8zqMXKuxyKb-6KMSnNHL7-QTc-99xw:1743636413787&amp;q=facess+cl%C3%ADnica+de+est%C3%A9tica+facial+e+corporal+s%C3%A3o+paulo+endere%C3%A7o&amp;ludocid=4244579848595502180&amp;sa=X&amp;ved=2ahUKEwiIsr7ov7qMAxXBrpUCHaJ9GVUQ6BN6BAgoEAI\" data-ved=\"2ahUKEwiIsr7ov7qMAxXBrpUCHaJ9GVUQ6BN6BAgoEAI\">Endere\u00e7o<\/a>:\u00a0<\/span><span class=\"LrzXr\">R. Estados Unidos, 170 &#8211; Jardim Paulista, S\u00e3o Paulo &#8211; SP, 01427-000<\/span><\/p>\n<p><span class=\"w8qArf FoJoyf\">Telefone e Whatsap: <\/span><span class=\"LrzXr zdqRlf kno-fv\"><a href=\"https:\/\/www.google.com\/search?q=clinica+facess&amp;rlz=1C1ONGR_pt-PTBR1087BR1087&amp;oq=clinica+facess&amp;gs_lcrp=EgZjaHJvbWUyBggAEEUYOTIJCAEQABgKGIAEMg8IAhAuGAoYrwEYxwEYgAQyCQgDEAAYChiABDIPCAQQLhgKGK8BGMcBGIAEMgYIBRBFGDwyBggGEEUYPDIGCAcQRRg80gEIMzIyMmowajeoAgiwAgHxBcdzC8Oyytd3&amp;sourceid=chrome&amp;ie=UTF-8#\" data-dtype=\"d3ph\" data-local-attribute=\"d3ph\" data-ved=\"2ahUKEwiIsr7ov7qMAxXBrpUCHaJ9GVUQkAgoAHoECCoQAg\"><span aria-label=\"Ligar para (11) 2936-0004\">(11) 2936-0004<\/span><\/a><\/span><\/p>\n<p><span class=\"w8qArf FoJoyf\"><a class=\"fl\" href=\"https:\/\/www.google.com\/search?sca_esv=57c84f4e1d2307b7&amp;rlz=1C1ONGR_pt-PTBR1087BR1087&amp;sxsrf=AHTn8zqMXKuxyKb-6KMSnNHL7-QTc-99xw:1743636413787&amp;q=facess+cl%C3%ADnica+de+est%C3%A9tica+facial+e+corporal+s%C3%A3o+paulo+hor%C3%A1rio&amp;ludocid=4244579848595502180&amp;sa=X&amp;ved=2ahUKEwiIsr7ov7qMAxXBrpUCHaJ9GVUQ6BN6BAgsEAI\" data-ved=\"2ahUKEwiIsr7ov7qMAxXBrpUCHaJ9GVUQ6BN6BAgsEAI\">Veja aqui nosso Hor\u00e1rio de funcionamento<\/a>:\u00a0<\/span><\/p>\n<div>\n<div class=\"b2JWxc h-n\" tabindex=\"0\" role=\"button\" aria-expanded=\"false\" data-ved=\"2ahUKEwiIsr7ov7qMAxXBrpUCHaJ9GVUQoT56BAgsEAM\">Para um atendimento mais r\u00e1pido clique no bot\u00e3o do Whatsapp no canto direito da tela, ou nos envie uma mensagem no formul\u00e1rio a baixo que teremos o prazer de lhe responder!<\/div>\n<\/div>\n<div class=\"everest-forms\"><div class=\"evf-container default\" id=\"evf-472\"><form id=\"evf-form-472\" class=\"everest-form\" data-formid=\"472\" data-ajax_submission=\"0\" data-keyboard_friendly_form=\"0\" method=\"post\" enctype=\"multipart\/form-data\" action=\"\/index.php\/wp-json\/wp\/v2\/pages\/736\"><div class=\"evf-field-container\"><input type=\"hidden\" id=\"_wpnonce472\" name=\"_wpnonce472\" value=\"0418fc7452\" \/><input type=\"hidden\" name=\"_wp_http_referer\" value=\"\/index.php\/wp-json\/wp\/v2\/pages\/736\" \/><div class=\"evf-frontend-row\" data-row=\"row_1\" conditional_rules=\"[]\"><div class=\"evf-frontend-grid evf-grid-1\" data-grid=\"grid_1\"><div id=\"evf-472-field_lVizlNhYus-1-container\" class=\"evf-field evf-field-text form-row validate-required\" data-required-field-message=\"This field is required.\" data-field-id=\"lVizlNhYus-1\"><label class=\"evf-field-label\" for=\"evf-472-field_lVizlNhYus-1\"><span class=\"evf-label\">Name<\/span> <abbr class=\"required\" title=\"Required\">*<\/abbr><\/label><input type=\"text\" id=\"evf-472-field_lVizlNhYus-1\" class=\"input-text\" name=\"everest_forms[form_fields][lVizlNhYus-1]\" required><\/div><div id=\"evf-472-field_XYnMdkQDKM-3-container\" class=\"evf-field evf-field-email form-row validate-required validate-email\" data-required-field-message=\"Please enter a valid email address.\" data-field-id=\"XYnMdkQDKM-3\"><label class=\"evf-field-label\" for=\"evf-472-field_XYnMdkQDKM-3\"><span class=\"evf-label\">Email<\/span> <abbr class=\"required\" title=\"Required\">*<\/abbr><\/label><input type=\"email\" id=\"evf-472-field_XYnMdkQDKM-3\" class=\"input-text\" name=\"everest_forms[form_fields][XYnMdkQDKM-3]\" required ><\/div><div id=\"evf-472-field_xJivsqAS2c-2-container\" class=\"evf-field evf-field-text form-row validate-required\" data-required-field-message=\"This field is required.\" data-field-id=\"xJivsqAS2c-2\"><label class=\"evf-field-label\" for=\"evf-472-field_xJivsqAS2c-2\"><span class=\"evf-label\">Subject<\/span> <abbr class=\"required\" title=\"Required\">*<\/abbr><\/label><input type=\"text\" id=\"evf-472-field_xJivsqAS2c-2\" class=\"input-text\" name=\"everest_forms[form_fields][xJivsqAS2c-2]\" required><\/div><div id=\"evf-472-field_YalaPcQ0DO-4-container\" class=\"evf-field evf-field-textarea form-row\" data-field-id=\"YalaPcQ0DO-4\"><label class=\"evf-field-label\" for=\"evf-472-field_YalaPcQ0DO-4\"><span class=\"evf-label\">Message<\/span> <\/label><textarea id=\"evf-472-field_YalaPcQ0DO-4\" class=\"input-text\" name=\"everest_forms[form_fields][YalaPcQ0DO-4]\"  ><\/textarea><\/div><\/div><\/div><\/div><div class=\"evf-honeypot-container evf-field-hp\"><label for=\"evf-472-field-hp\" class=\"evf-field-label\">Website<\/label><input type=\"text\" name=\"everest_forms[hp]\" id=\"evf-472-field-hp\" class=\"input-text\"><\/div><div class=\"evf-submit-container \" ><input type=\"hidden\" name=\"everest_forms[id]\" value=\"472\"><input type=\"hidden\" name=\"everest_forms[author]\" value=\"1\"><button type='submit' name='everest_forms[submit]' class='everest-forms-submit-button button evf-submit ' id='evf-submit-472' value='evf-submit' data-process-text=\"Processing\u2026\" conditional_rules='&quot;&quot;' conditional_id='evf-submit-472'  id=\"evf-submit-472\" aria-live=\"assertive\">Submit<\/button><\/div><\/form><\/div><!-- .evf-container --><\/div>\n","protected":false},"excerpt":{"rendered":"<p>Ol\u00e1 que bom que chegou at\u00e9 aqui! Estamos Entusiasmados em atender voc\u00ea Endere\u00e7o:\u00a0R. Estados Unidos, 170 &#8211; Jardim Paulista, S\u00e3o [&hellip;]<\/p>\n","protected":false},"author":1,"featured_media":0,"parent":0,"menu_order":0,"comment_status":"closed","ping_status":"closed","template":"","meta":{"footnotes":""},"class_list":["post-736","page","type-page","status-publish","hentry"],"_links":{"self":[{"href":"https:\/\/facessclinica.com.br\/index.php\/wp-json\/wp\/v2\/pages\/736","targetHints":{"allow":["GET"]}}],"collection":[{"href":"https:\/\/facessclinica.com.br\/index.php\/wp-json\/wp\/v2\/pages"}],"about":[{"href":"https:\/\/facessclinica.com.br\/index.php\/wp-json\/wp\/v2\/types\/page"}],"author":[{"embeddable":true,"href":"https:\/\/facessclinica.com.br\/index.php\/wp-json\/wp\/v2\/users\/1"}],"replies":[{"embeddable":true,"href":"https:\/\/facessclinica.com.br\/index.php\/wp-json\/wp\/v2\/comments?post=736"}],"version-history":[{"count":2,"href":"https:\/\/facessclinica.com.br\/index.php\/wp-json\/wp\/v2\/pages\/736\/revisions"}],"predecessor-version":[{"id":1004,"href":"https:\/\/facessclinica.com.br\/index.php\/wp-json\/wp\/v2\/pages\/736\/revisions\/1004"}],"wp:attachment":[{"href":"https:\/\/facessclinica.com.br\/index.php\/wp-json\/wp\/v2\/media?parent=736"}],"curies":[{"name":"wp","href":"https:\/\/api.w.org\/{rel}","templated":true}]}}