{"id":1038,"date":"2025-05-23T21:15:10","date_gmt":"2025-05-23T21:15:10","guid":{"rendered":"https:\/\/facessclinica.com.br\/?page_id=1038"},"modified":"2025-05-23T21:29:10","modified_gmt":"2025-05-23T21:29:10","slug":"fios-de-pdo","status":"publish","type":"page","link":"https:\/\/facessclinica.com.br\/index.php\/fios-de-pdo\/","title":{"rendered":"Fios de PDO"},"content":{"rendered":"\n<p>Fios de PDO s\u00e3o dispositivos usadas para harmoniza\u00e7\u00e3o facial ou&nbsp;<em>lifting<\/em>&nbsp;facial pois estimulam a produ\u00e7\u00e3o de col\u00e1geno, al\u00e9m de dar mais sustenta\u00e7\u00e3o e volume ao rosto.<\/p>\n\n\n\n<p>Os fios de PDO s\u00e3o biodegrad\u00e1veis, ou seja, com o tempo o organismo reabsorve&nbsp;a&nbsp;polidiaxanona que \u00e9 a subst\u00e2ncia ativa do fio, existindo tamb\u00e9m diferentes tipos de fio, que s\u00e3o usados de acordo com a finalidade do tratamento.<\/p>\n\n\n\n<h2 class=\"wp-block-heading\" id=\"para-que-servem\">Para que servem<\/h2>\n\n\n\n<p>Os fios de PDO servem para o rejuvenescimento facial&nbsp;sendo uma alternativa \u00e0 cirurgia pl\u00e1stica.<\/p>\n\n\n\n<p>Esses fios&nbsp;agem estimulando a produ\u00e7\u00e3o de col\u00e1geno pela pele por produzir um processo inflamat\u00f3rio na pele, al\u00e9m de aumentar o volume do rosto e dar mais sustenta\u00e7\u00e3o e elasticidade&nbsp;\u00e0 pele.<\/p>\n\n\n\n<p>Desta forma, os fios de PDO podem ser usados para a harmoniza\u00e7\u00e3o facial ou lifting facial n\u00e3o cir\u00fargico, existindo tamb\u00e9m outros tipos de fios de sustenta\u00e7\u00e3o ou aplica\u00e7\u00e3o de \u00e1cido hialur\u00f4nico que podem ser indicados pelo m\u00e9dico.<\/p>\n\n\n\n<p>Se deseja a avalia\u00e7\u00e3o do dermatologista para realizar a aplica\u00e7\u00e3o dos fios de PDO, marque uma consulta na regi\u00e3o mais pr\u00f3xima de voc\u00ea!<\/p>\n","protected":false},"excerpt":{"rendered":"<p>Fios de PDO s\u00e3o dispositivos usadas para harmoniza\u00e7\u00e3o facial ou&nbsp;lifting&nbsp;facial pois estimulam a produ\u00e7\u00e3o de col\u00e1geno, al\u00e9m de dar mais [&hellip;]<\/p>\n","protected":false},"author":1,"featured_media":0,"parent":0,"menu_order":0,"comment_status":"closed","ping_status":"closed","template":"","meta":{"footnotes":""},"class_list":["post-1038","page","type-page","status-publish","hentry"],"_links":{"self":[{"href":"https:\/\/facessclinica.com.br\/index.php\/wp-json\/wp\/v2\/pages\/1038","targetHints":{"allow":["GET"]}}],"collection":[{"href":"https:\/\/facessclinica.com.br\/index.php\/wp-json\/wp\/v2\/pages"}],"about":[{"href":"https:\/\/facessclinica.com.br\/index.php\/wp-json\/wp\/v2\/types\/page"}],"author":[{"embeddable":true,"href":"https:\/\/facessclinica.com.br\/index.php\/wp-json\/wp\/v2\/users\/1"}],"replies":[{"embeddable":true,"href":"https:\/\/facessclinica.com.br\/index.php\/wp-json\/wp\/v2\/comments?post=1038"}],"version-history":[{"count":2,"href":"https:\/\/facessclinica.com.br\/index.php\/wp-json\/wp\/v2\/pages\/1038\/revisions"}],"predecessor-version":[{"id":1050,"href":"https:\/\/facessclinica.com.br\/index.php\/wp-json\/wp\/v2\/pages\/1038\/revisions\/1050"}],"wp:attachment":[{"href":"https:\/\/facessclinica.com.br\/index.php\/wp-json\/wp\/v2\/media?parent=1038"}],"curies":[{"name":"wp","href":"https:\/\/api.w.org\/{rel}","templated":true}]}}