{"id":1030,"date":"2025-05-23T21:06:56","date_gmt":"2025-05-23T21:06:56","guid":{"rendered":"https:\/\/facessclinica.com.br\/?page_id=1030"},"modified":"2025-06-04T17:15:25","modified_gmt":"2025-06-04T17:15:25","slug":"prevencao","status":"publish","type":"page","link":"https:\/\/facessclinica.com.br\/index.php\/prevencao\/","title":{"rendered":"Preven\u00e7\u00e3o Odontol\u00f3gica"},"content":{"rendered":"\n<p>Inclui todas as pr\u00e1ticas e tratamentos para evitar doen\u00e7as bucais, como escova\u00e7\u00e3o correta, uso do fio dental, limpeza profissional e aplica\u00e7\u00e3o\u00a0de\u00a0fl\u00faor.<\/p>\n","protected":false},"excerpt":{"rendered":"<p>Inclui todas as pr\u00e1ticas e tratamentos para evitar doen\u00e7as bucais, como escova\u00e7\u00e3o correta, uso do fio dental, limpeza profissional e [&hellip;]<\/p>\n","protected":false},"author":1,"featured_media":0,"parent":0,"menu_order":0,"comment_status":"closed","ping_status":"closed","template":"","meta":{"footnotes":""},"class_list":["post-1030","page","type-page","status-publish","hentry"],"_links":{"self":[{"href":"https:\/\/facessclinica.com.br\/index.php\/wp-json\/wp\/v2\/pages\/1030","targetHints":{"allow":["GET"]}}],"collection":[{"href":"https:\/\/facessclinica.com.br\/index.php\/wp-json\/wp\/v2\/pages"}],"about":[{"href":"https:\/\/facessclinica.com.br\/index.php\/wp-json\/wp\/v2\/types\/page"}],"author":[{"embeddable":true,"href":"https:\/\/facessclinica.com.br\/index.php\/wp-json\/wp\/v2\/users\/1"}],"replies":[{"embeddable":true,"href":"https:\/\/facessclinica.com.br\/index.php\/wp-json\/wp\/v2\/comments?post=1030"}],"version-history":[{"count":2,"href":"https:\/\/facessclinica.com.br\/index.php\/wp-json\/wp\/v2\/pages\/1030\/revisions"}],"predecessor-version":[{"id":1094,"href":"https:\/\/facessclinica.com.br\/index.php\/wp-json\/wp\/v2\/pages\/1030\/revisions\/1094"}],"wp:attachment":[{"href":"https:\/\/facessclinica.com.br\/index.php\/wp-json\/wp\/v2\/media?parent=1030"}],"curies":[{"name":"wp","href":"https:\/\/api.w.org\/{rel}","templated":true}]}}