{"id":1026,"date":"2025-05-23T21:05:53","date_gmt":"2025-05-23T21:05:53","guid":{"rendered":"https:\/\/facessclinica.com.br\/?page_id=1026"},"modified":"2025-06-04T17:14:14","modified_gmt":"2025-06-04T17:14:14","slug":"odontolediatria","status":"publish","type":"page","link":"https:\/\/facessclinica.com.br\/index.php\/odontolediatria\/","title":{"rendered":"Odontopediatria"},"content":{"rendered":"\n<p>Especialidade voltada para o cuidado bucal de crian\u00e7as e adolescentes. Trabalha com preven\u00e7\u00e3o, tratamento e orienta\u00e7\u00e3o para manter os dentes de leite e permanentes saud\u00e1veis.<\/p>\n","protected":false},"excerpt":{"rendered":"<p>Especialidade voltada para o cuidado bucal de crian\u00e7as e adolescentes. Trabalha com preven\u00e7\u00e3o, tratamento e orienta\u00e7\u00e3o para manter os dentes [&hellip;]<\/p>\n","protected":false},"author":1,"featured_media":0,"parent":0,"menu_order":0,"comment_status":"closed","ping_status":"closed","template":"","meta":{"footnotes":""},"class_list":["post-1026","page","type-page","status-publish","hentry"],"_links":{"self":[{"href":"https:\/\/facessclinica.com.br\/index.php\/wp-json\/wp\/v2\/pages\/1026","targetHints":{"allow":["GET"]}}],"collection":[{"href":"https:\/\/facessclinica.com.br\/index.php\/wp-json\/wp\/v2\/pages"}],"about":[{"href":"https:\/\/facessclinica.com.br\/index.php\/wp-json\/wp\/v2\/types\/page"}],"author":[{"embeddable":true,"href":"https:\/\/facessclinica.com.br\/index.php\/wp-json\/wp\/v2\/users\/1"}],"replies":[{"embeddable":true,"href":"https:\/\/facessclinica.com.br\/index.php\/wp-json\/wp\/v2\/comments?post=1026"}],"version-history":[{"count":2,"href":"https:\/\/facessclinica.com.br\/index.php\/wp-json\/wp\/v2\/pages\/1026\/revisions"}],"predecessor-version":[{"id":1092,"href":"https:\/\/facessclinica.com.br\/index.php\/wp-json\/wp\/v2\/pages\/1026\/revisions\/1092"}],"wp:attachment":[{"href":"https:\/\/facessclinica.com.br\/index.php\/wp-json\/wp\/v2\/media?parent=1026"}],"curies":[{"name":"wp","href":"https:\/\/api.w.org\/{rel}","templated":true}]}}