{"id":1024,"date":"2025-05-23T21:05:26","date_gmt":"2025-05-23T21:05:26","guid":{"rendered":"https:\/\/facessclinica.com.br\/?page_id=1024"},"modified":"2025-06-04T17:13:14","modified_gmt":"2025-06-04T17:13:14","slug":"ortopedia","status":"publish","type":"page","link":"https:\/\/facessclinica.com.br\/index.php\/ortopedia\/","title":{"rendered":"Ortopedia"},"content":{"rendered":"\n<p>Ortopedia Funcional dos Maxilares<br>Corrige altera\u00e7\u00f5es no crescimento dos ossos da face e da mordida, principalmente durante a inf\u00e2ncia. Utiliza aparelhos que estimulam ou freiam o desenvolvimento \u00f3sseo.<\/p>\n","protected":false},"excerpt":{"rendered":"<p>Ortopedia Funcional dos MaxilaresCorrige altera\u00e7\u00f5es no crescimento dos ossos da face e da mordida, principalmente durante a inf\u00e2ncia. Utiliza aparelhos [&hellip;]<\/p>\n","protected":false},"author":1,"featured_media":0,"parent":0,"menu_order":0,"comment_status":"closed","ping_status":"closed","template":"","meta":{"footnotes":""},"class_list":["post-1024","page","type-page","status-publish","hentry"],"_links":{"self":[{"href":"https:\/\/facessclinica.com.br\/index.php\/wp-json\/wp\/v2\/pages\/1024","targetHints":{"allow":["GET"]}}],"collection":[{"href":"https:\/\/facessclinica.com.br\/index.php\/wp-json\/wp\/v2\/pages"}],"about":[{"href":"https:\/\/facessclinica.com.br\/index.php\/wp-json\/wp\/v2\/types\/page"}],"author":[{"embeddable":true,"href":"https:\/\/facessclinica.com.br\/index.php\/wp-json\/wp\/v2\/users\/1"}],"replies":[{"embeddable":true,"href":"https:\/\/facessclinica.com.br\/index.php\/wp-json\/wp\/v2\/comments?post=1024"}],"version-history":[{"count":2,"href":"https:\/\/facessclinica.com.br\/index.php\/wp-json\/wp\/v2\/pages\/1024\/revisions"}],"predecessor-version":[{"id":1091,"href":"https:\/\/facessclinica.com.br\/index.php\/wp-json\/wp\/v2\/pages\/1024\/revisions\/1091"}],"wp:attachment":[{"href":"https:\/\/facessclinica.com.br\/index.php\/wp-json\/wp\/v2\/media?parent=1024"}],"curies":[{"name":"wp","href":"https:\/\/api.w.org\/{rel}","templated":true}]}}