{"id":1022,"date":"2025-05-23T21:05:01","date_gmt":"2025-05-23T21:05:01","guid":{"rendered":"https:\/\/facessclinica.com.br\/?page_id=1022"},"modified":"2025-06-04T17:12:06","modified_gmt":"2025-06-04T17:12:06","slug":"ortodontia","status":"publish","type":"page","link":"https:\/\/facessclinica.com.br\/index.php\/ortodontia\/","title":{"rendered":"Ortodontia"},"content":{"rendered":"\n<p>Trata da corre\u00e7\u00e3o dos dentes tortos e da m\u00e1 oclus\u00e3o (mordida errada). Usa aparelhos fixos ou m\u00f3veis para alinhar os dentes e melhorar a fun\u00e7\u00e3o e est\u00e9tica do sorriso.<\/p>\n\n\n\n<p>Ortodontia \u00e9 uma especialidade odontol\u00f3gica que corrige a posi\u00e7\u00e3o dos dentes e dos ossos maxilares posicionados de forma inadequada. Dentes tortos ou dentes que n\u00e3o se encaixam corretamente s\u00e3o dif\u00edceis de serem mantidos limpos, podendo ser perdidos precocemente, devido \u00e0 deteriora\u00e7\u00e3o e \u00e0 doen\u00e7a periodontal. Tamb\u00e9m causam um estresse adicional aos m\u00fasculos de mastiga\u00e7\u00e3o que pode levar a dores de cabe\u00e7a, s\u00edndrome da ATM e dores na regi\u00e3o do pesco\u00e7o, dos ombros e das costas. Os dentes tortos ou mal posicionados tamb\u00e9m prejudicam a sua apar\u00eancia.<\/p>\n\n\n\n<p>O tratamento ortod\u00f4ntico torna a boca mais saud\u00e1vel, proporciona uma apar\u00eancia mais agrad\u00e1vel e dentes com possibilidade de durar a vida toda.<\/p>\n\n\n\n<p>O especialista neste campo \u00e9 chamado de ortodontista. Os ortodontistas precisam fazer um curso de especializa\u00e7\u00e3o, al\u00e9m dos cinco anos do curso regular.<\/p>\n\n\n\n<p><\/p>\n","protected":false},"excerpt":{"rendered":"<p>Trata da corre\u00e7\u00e3o dos dentes tortos e da m\u00e1 oclus\u00e3o (mordida errada). Usa aparelhos fixos ou m\u00f3veis para alinhar os [&hellip;]<\/p>\n","protected":false},"author":1,"featured_media":0,"parent":0,"menu_order":0,"comment_status":"closed","ping_status":"closed","template":"","meta":{"footnotes":""},"class_list":["post-1022","page","type-page","status-publish","hentry"],"_links":{"self":[{"href":"https:\/\/facessclinica.com.br\/index.php\/wp-json\/wp\/v2\/pages\/1022","targetHints":{"allow":["GET"]}}],"collection":[{"href":"https:\/\/facessclinica.com.br\/index.php\/wp-json\/wp\/v2\/pages"}],"about":[{"href":"https:\/\/facessclinica.com.br\/index.php\/wp-json\/wp\/v2\/types\/page"}],"author":[{"embeddable":true,"href":"https:\/\/facessclinica.com.br\/index.php\/wp-json\/wp\/v2\/users\/1"}],"replies":[{"embeddable":true,"href":"https:\/\/facessclinica.com.br\/index.php\/wp-json\/wp\/v2\/comments?post=1022"}],"version-history":[{"count":3,"href":"https:\/\/facessclinica.com.br\/index.php\/wp-json\/wp\/v2\/pages\/1022\/revisions"}],"predecessor-version":[{"id":1090,"href":"https:\/\/facessclinica.com.br\/index.php\/wp-json\/wp\/v2\/pages\/1022\/revisions\/1090"}],"wp:attachment":[{"href":"https:\/\/facessclinica.com.br\/index.php\/wp-json\/wp\/v2\/media?parent=1022"}],"curies":[{"name":"wp","href":"https:\/\/api.w.org\/{rel}","templated":true}]}}